{"id":1339,"date":"2017-10-16T13:54:07","date_gmt":"2017-10-16T13:54:07","guid":{"rendered":"http:\/\/ninzio.com\/logistix\/?page_id=1339"},"modified":"2022-12-06T14:05:25","modified_gmt":"2022-12-06T13:05:25","slug":"kontakt-2","status":"publish","type":"page","link":"https:\/\/www.techmont.sk\/en\/kontakt-2\/","title":{"rendered":"Kontakt"},"content":{"rendered":"<p>[vc_row][vc_column]\r\n\t<div class=\"logistix-spacer clearfix\" data-desktop=\"100\" data-mobi=\"50\" data-smobi=\"50\"><\/div>[vc_gmaps link=&#8221;#E-8_JTNDaWZyYW1lJTIwc3JjJTNEJTIyaHR0cHMlM0ElMkYlMkZ3d3cuZ29vZ2xlLmNvbSUyRm1hcHMlMkZlbWJlZCUzRnBiJTNEJTIxMW0xOCUyMTFtMTIlMjExbTMlMjExZDYzMDQuODI5OTg2MTMxMjcxJTIxMmQtMTIyLjQ3NDY5NjgwMzMwOTIlMjEzZDM3LjgwMzc0NzUyMTYwNDQzJTIxMm0zJTIxMWYwJTIxMmYwJTIxM2YwJTIxM20yJTIxMWkxMDI0JTIxMmk3NjglMjE0ZjEzLjElMjEzbTMlMjExbTIlMjExczB4ODA4NTg2ZTYzMDI2MTVhMSUyNTNBMHg4NmJkMTMwMjUxNzU3YzAwJTIxMnNTdG9yZXklMkJBdmUlMjUyQyUyQlNhbiUyQkZyYW5jaXNjbyUyNTJDJTJCQ0ElMkI5NDEyOSUyMTVlMCUyMTNtMiUyMTFzZW4lMjEyc3VzJTIxNHYxNDM1ODI2NDMyMDUxJTIyJTIwd2lkdGglM0QlMjI2MDAlMjIlMjBoZWlnaHQlM0QlMjI0NTAlMjIlMjBmcmFtZWJvcmRlciUzRCUyMjAlMjIlMjBzdHlsZSUzRCUyMmJvcmRlciUzQTAlMjIlMjBhbGxvd2Z1bGxzY3JlZW4lM0UlM0MlMkZpZnJhbWUlM0U=&#8221; el_class=&#8221;hidden&#8221;][vc_row_inner][vc_column_inner width=&#8221;9\/12&#8243;]<div class=\"logistix-single-heading clearfix  style-1\" style=\"margin-bottom:14px;\">\r\n\t\t<h3 class=\"heading\" style=\"margin-bottom: 0;font-weight:500;font-size:22px;line-height:32px;\">Nap\u00ed\u0161te n\u00e1m<\/h3>\r\n\t<\/div><div class=\"logistix-divider no-icon divider-left divider-double-dotted\" style=\"margin-bottom:11px;\"><\/div><div class=\"clearfix\"><\/div>\r\n\t<div class=\"logistix-spacer clearfix\" data-desktop=\"40\" data-mobi=\"30\" data-smobi=\"30\"><\/div><div role=\"form\" class=\"wpcf7\" id=\"wpcf7-f1286-o1\" lang=\"en-US\" dir=\"ltr\">\n<div class=\"screen-reader-response\"><p role=\"status\" aria-live=\"polite\" aria-atomic=\"true\"><\/p> <ul><\/ul><\/div>\n<form action=\"\/en\/wp-json\/wp\/v2\/pages\/1339#wpcf7-f1286-o1\" method=\"post\" class=\"wpcf7-form init\" novalidate=\"novalidate\" data-status=\"init\">\n<div style=\"display: none;\">\n<input type=\"hidden\" name=\"_wpcf7\" value=\"1286\" \/>\n<input type=\"hidden\" name=\"_wpcf7_version\" value=\"5.5.1\" \/>\n<input type=\"hidden\" name=\"_wpcf7_locale\" value=\"en_US\" \/>\n<input type=\"hidden\" name=\"_wpcf7_unit_tag\" value=\"wpcf7-f1286-o1\" \/>\n<input type=\"hidden\" name=\"_wpcf7_container_post\" value=\"0\" \/>\n<input type=\"hidden\" name=\"_wpcf7_posted_data_hash\" value=\"\" \/>\n<input type=\"hidden\" name=\"_wpcf7_recaptcha_response\" value=\"\" \/>\n<\/div>\n<div class=\"logistix-contact-form-3 input-bottom-24 message-height-170 button-accent\">\n<span class=\"wpcf7-form-control-wrap your-name\"><input type=\"text\" name=\"your-name\" value=\"\" size=\"40\" class=\"wpcf7-form-control wpcf7-text wpcf7-validates-as-required\" aria-required=\"true\" aria-invalid=\"false\" placeholder=\"Meno\" \/><\/span><span class=\"wpcf7-form-control-wrap your-email\"><input type=\"email\" name=\"your-email\" value=\"\" size=\"40\" class=\"wpcf7-form-control wpcf7-text wpcf7-email wpcf7-validates-as-required wpcf7-validates-as-email\" aria-required=\"true\" aria-invalid=\"false\" placeholder=\"Email\" \/><\/span><span class=\"wpcf7-form-control-wrap your-subject\"><input type=\"text\" name=\"your-subject\" value=\"\" size=\"40\" class=\"wpcf7-form-control wpcf7-text wpcf7-validates-as-required\" aria-required=\"true\" aria-invalid=\"false\" placeholder=\"Predmet\" \/><\/span><span class=\"wpcf7-form-control-wrap your-message\"><textarea name=\"your-message\" cols=\"40\" rows=\"10\" class=\"wpcf7-form-control wpcf7-textarea\" aria-invalid=\"false\" placeholder=\"Text spr\u00e1vy\"><\/textarea><\/span>\n<div class=\"wrap-submit\"><input type=\"submit\" value=\"ODOSLA\u0164\" class=\"wpcf7-form-control has-spinner wpcf7-submit\" \/><\/div>\n<\/div>\n<p style=\"display: none !important;\"><label>&#916;<textarea name=\"_wpcf7_ak_hp_textarea\" cols=\"45\" rows=\"8\" maxlength=\"100\"><\/textarea><\/label><input type=\"hidden\" id=\"ak_js_1\" name=\"_wpcf7_ak_js\" value=\"226\"\/><script>document.getElementById( \"ak_js_1\" ).setAttribute( \"value\", ( new Date() ).getTime() );<\/script><\/p><div class=\"wpcf7-response-output\" aria-hidden=\"true\"><\/div><\/form><\/div>\r\n\t<div class=\"logistix-spacer clearfix\" data-desktop=\"0\" data-mobi=\"50\" data-smobi=\"50\"><\/div>[\/vc_column_inner][vc_column_inner width=&#8221;3\/12&#8243;]<div class=\"logistix-single-heading clearfix  style-1\" style=\"margin-bottom:14px;\">\r\n\t\t<h3 class=\"heading\" style=\"margin-bottom: 0;font-weight:500;font-size:22px;line-height:32px;\">Kontakt<\/h3>\r\n\t<\/div><div class=\"logistix-divider no-icon divider-left divider-double-dotted\" style=\"margin-bottom:20px;\"><\/div><div class=\"clearfix\"><\/div>\r\n\t<div class=\"logistix-spacer clearfix\" data-desktop=\"20\" data-mobi=\"15\" data-smobi=\"15\"><\/div>[vc_column_text]<span class=\"font-size-16\"> Mobil: +421 905 012 399<br \/>\nTelef\u00f3n: +421 52 772 21 26<\/span>[\/vc_column_text]<div class=\"logistix-divider no-icon divider-left divider-dotted\" style=\"border-top-color:#bbbbbb;margin-top:18px;margin-bottom:20px;\"><\/div><div class=\"clearfix\"><\/div>[vc_column_text]<span class=\"font-size-16\"> Leteck\u00e1 1656\/39, 052 01 Spi\u0161sk\u00e1 Nov\u00e1 Ves, Slovensko<br \/>\n<\/span>[\/vc_column_text]<div class=\"logistix-divider no-icon divider-left divider-dotted\" style=\"border-top-color:#bbbbbb;margin-top:18px;margin-bottom:20px;\"><\/div><div class=\"clearfix\"><\/div>[vc_column_text]<span class=\"font-size-16\"> techmont@techmont.sk<br \/>\n<\/span>[\/vc_column_text]<div class=\"logistix-divider no-icon divider-left divider-dotted\" style=\"border-top-color:#bbbbbb;margin-top:18px;margin-bottom:25px;\"><\/div><div class=\"clearfix\"><\/div><div class=\"logistix-icon clearfix background\" style=\"margin:0px 4px 2px 5px;\"><a class=\"icon-wrap\" target=\"_blank\" href=\"https:\/\/www.facebook.com\/profile.php?id=100057494919471\"><span class=\"icon \" style=\"font-size:16px;width:37px;height:37px;color:#ffffff;background-color:#b7b7b7;line-height:37px;\" ><i class=\"fa fa-facebook\"><\/i><\/span><\/a><\/div><div class=\"logistix-icon clearfix background\" style=\"margin:0px 4px 2px 5px;\"><a class=\"icon-wrap\" target=\"_blank\" href=\"https:\/\/mobile.twitter.com\/hashtag\/TechMont?src=hashtag_click\"><span class=\"icon \" style=\"font-size:16px;width:37px;height:37px;color:#ffffff;background-color:#b7b7b7;line-height:37px;\" ><i class=\"fa fa-twitter\"><\/i><\/span><\/a><\/div><div class=\"logistix-icon clearfix background\" style=\"margin:0px 4px 2px 5px;\"><a class=\"icon-wrap\" target=\"_blank\" href=\"https:\/\/www.instagram.com\/explore\/tags\/techmont\/\"><span class=\"icon \" style=\"font-size:16px;width:37px;height:37px;color:#ffffff;background-color:#b7b7b7;line-height:37px;\" ><i class=\"fab fa-instagram\"><\/i><\/span><\/a><\/div>[\/vc_column_inner][\/vc_row_inner][\/vc_column][\/vc_row][vc_row][vc_column]\r\n\t<div class=\"logistix-spacer clearfix\" data-desktop=\"120\" data-mobi=\"70\" data-smobi=\"70\"><\/div>[\/vc_column][\/vc_row][vc_row disable_element=&#8221;yes&#8221; css=&#8221;.vc_custom_1670331202150{background: #fc5540 url(https:\/\/ninzio.com\/logistix\/wp-content\/uploads\/2018\/05\/bg-subscribe.jpg?id=4788) !important;background-position: center !important;background-repeat: no-repeat !important;background-size: cover !important;}&#8221; el_class=&#8221;row-image-bg&#8221;][vc_column]\r\n\t<div class=\"logistix-spacer clearfix\" data-desktop=\"50\" data-mobi=\"30\" data-smobi=\"30\"><\/div>\r\n\t<div class=\"logistix-spacer clearfix\" data-desktop=\"40\" data-mobi=\"30\" data-smobi=\"30\"><\/div>[\/vc_column][\/vc_row]<\/p>\n","protected":false},"excerpt":{"rendered":"<p>[vc_row][vc_column][vc_gmaps link=&#8221;#E-8_JTNDaWZyYW1lJTIwc3JjJTNEJTIyaHR0cHMlM0ElMkYlMkZ3d3cuZ29vZ2xlLmNvbSUyRm1hcHMlMkZlbWJlZCUzRnBiJTNEJTIxMW0xOCUyMTFtMTIlMjExbTMlMjExZDYzMDQuODI5OTg2MTMxMjcxJTIxMmQtMTIyLjQ3NDY5NjgwMzMwOTIlMjEzZDM3LjgwMzc0NzUyMTYwNDQzJTIxMm0zJTIxMWYwJTIxMmYwJTIxM2YwJTIxM20yJTIxMWkxMDI0JTIxMmk3NjglMjE0ZjEzLjElMjEzbTMlMjExbTIlMjExczB4ODA4NTg2ZTYzMDI2MTVhMSUyNTNBMHg4NmJkMTMwMjUxNzU3YzAwJTIxMnNTdG9yZXklMkJBdmUlMjUyQyUyQlNhbiUyQkZyYW5jaXNjbyUyNTJDJTJCQ0ElMkI5NDEyOSUyMTVlMCUyMTNtMiUyMTFzZW4lMjEyc3VzJTIxNHYxNDM1ODI2NDMyMDUxJTIyJTIwd2lkdGglM0QlMjI2MDAlMjIlMjBoZWlnaHQlM0QlMjI0NTAlMjIlMjBmcmFtZWJvcmRlciUzRCUyMjAlMjIlMjBzdHlsZSUzRCUyMmJvcmRlciUzQTAlMjIlMjBhbGxvd2Z1bGxzY3JlZW4lM0UlM0MlMkZpZnJhbWUlM0U=&#8221; el_class=&#8221;hidden&#8221;][vc_row_inner][vc_column_inner width=&#8221;9\/12&#8243;][\/vc_column_inner][vc_column_inner width=&#8221;3\/12&#8243;][vc_column_text] Mobil: +421 905 012 399 Telef\u00f3n: +421 52 772 21 26[\/vc_column_text][vc_column_text] Leteck\u00e1 1656\/39, 052 01 Spi\u0161sk\u00e1 Nov\u00e1 Ves, Slovensko [\/vc_column_text][vc_column_text] techmont@techmont.sk [\/vc_column_text][\/vc_column_inner][\/vc_row_inner][\/vc_column][\/vc_row][vc_row][vc_column][\/vc_column][\/vc_row][vc_row disable_element=&#8221;yes&#8221; css=&#8221;.vc_custom_1670331202150{background: #fc5540 url(https:\/\/ninzio.com\/logistix\/wp-content\/uploads\/2018\/05\/bg-subscribe.jpg?id=4788) !important;background-position: center !important;background-repeat: no-repeat !important;background-size: cover !important;}&#8221; el_class=&#8221;row-image-bg&#8221;][vc_column][\/vc_column][\/vc_row]<\/p>\n","protected":false},"author":1,"featured_media":0,"parent":0,"menu_order":0,"comment_status":"closed","ping_status":"closed","template":"","meta":[],"yoast_head":"<!-- This site is optimized with the Yoast SEO plugin v19.14 - https:\/\/yoast.com\/wordpress\/plugins\/seo\/ -->\n<title>Kontakt - Vrtu\u013en\u00edk, leteck\u00e9 pr\u00e1ce | TECH-MONT Helicopter company<\/title>\n<meta name=\"robots\" content=\"index, follow, max-snippet:-1, max-image-preview:large, max-video-preview:-1\" \/>\n<link rel=\"canonical\" href=\"https:\/\/www.techmont.sk\/en\/kontakt-2\/\" \/>\n<meta property=\"og:locale\" content=\"en_US\" \/>\n<meta property=\"og:type\" content=\"article\" \/>\n<meta property=\"og:title\" content=\"Kontakt - Vrtu\u013en\u00edk, leteck\u00e9 pr\u00e1ce | TECH-MONT Helicopter company\" \/>\n<meta property=\"og:description\" content=\"[vc_row][vc_column][vc_gmaps link=&#8221;#E-8_JTNDaWZyYW1lJTIwc3JjJTNEJTIyaHR0cHMlM0ElMkYlMkZ3d3cuZ29vZ2xlLmNvbSUyRm1hcHMlMkZlbWJlZCUzRnBiJTNEJTIxMW0xOCUyMTFtMTIlMjExbTMlMjExZDYzMDQuODI5OTg2MTMxMjcxJTIxMmQtMTIyLjQ3NDY5NjgwMzMwOTIlMjEzZDM3LjgwMzc0NzUyMTYwNDQzJTIxMm0zJTIxMWYwJTIxMmYwJTIxM2YwJTIxM20yJTIxMWkxMDI0JTIxMmk3NjglMjE0ZjEzLjElMjEzbTMlMjExbTIlMjExczB4ODA4NTg2ZTYzMDI2MTVhMSUyNTNBMHg4NmJkMTMwMjUxNzU3YzAwJTIxMnNTdG9yZXklMkJBdmUlMjUyQyUyQlNhbiUyQkZyYW5jaXNjbyUyNTJDJTJCQ0ElMkI5NDEyOSUyMTVlMCUyMTNtMiUyMTFzZW4lMjEyc3VzJTIxNHYxNDM1ODI2NDMyMDUxJTIyJTIwd2lkdGglM0QlMjI2MDAlMjIlMjBoZWlnaHQlM0QlMjI0NTAlMjIlMjBmcmFtZWJvcmRlciUzRCUyMjAlMjIlMjBzdHlsZSUzRCUyMmJvcmRlciUzQTAlMjIlMjBhbGxvd2Z1bGxzY3JlZW4lM0UlM0MlMkZpZnJhbWUlM0U=&#8221; el_class=&#8221;hidden&#8221;][vc_row_inner][vc_column_inner width=&#8221;9\/12&#8243;][\/vc_column_inner][vc_column_inner width=&#8221;3\/12&#8243;][vc_column_text] Mobil: +421 905 012 399 Telef\u00f3n: +421 52 772 21 26[\/vc_column_text][vc_column_text] Leteck\u00e1 1656\/39, 052 01 Spi\u0161sk\u00e1 Nov\u00e1 Ves, Slovensko [\/vc_column_text][vc_column_text] techmont@techmont.sk [\/vc_column_text][\/vc_column_inner][\/vc_row_inner][\/vc_column][\/vc_row][vc_row][vc_column][\/vc_column][\/vc_row][vc_row disable_element=&#8221;yes&#8221; css=&#8221;.vc_custom_1670331202150{background: #fc5540 url(https:\/\/ninzio.com\/logistix\/wp-content\/uploads\/2018\/05\/bg-subscribe.jpg?id=4788) !important;background-position: center !important;background-repeat: no-repeat !important;background-size: cover !important;}&#8221; el_class=&#8221;row-image-bg&#8221;][vc_column][\/vc_column][\/vc_row]\" \/>\n<meta property=\"og:url\" content=\"https:\/\/www.techmont.sk\/en\/kontakt-2\/\" \/>\n<meta property=\"og:site_name\" content=\"Vrtu\u013en\u00edk, leteck\u00e9 pr\u00e1ce | TECH-MONT Helicopter company\" \/>\n<meta property=\"article:modified_time\" content=\"2022-12-06T13:05:25+00:00\" \/>\n<meta name=\"twitter:card\" content=\"summary_large_image\" \/>\n<meta name=\"twitter:label1\" content=\"Est. reading time\" \/>\n\t<meta name=\"twitter:data1\" content=\"2 minutes\" \/>\n<script type=\"application\/ld+json\" class=\"yoast-schema-graph\">{\"@context\":\"https:\/\/schema.org\",\"@graph\":[{\"@type\":\"WebPage\",\"@id\":\"https:\/\/www.techmont.sk\/en\/kontakt-2\/\",\"url\":\"https:\/\/www.techmont.sk\/en\/kontakt-2\/\",\"name\":\"Kontakt - Vrtu\u013en\u00edk, leteck\u00e9 pr\u00e1ce | TECH-MONT Helicopter company\",\"isPartOf\":{\"@id\":\"https:\/\/www.techmont.sk\/#website\"},\"datePublished\":\"2017-10-16T13:54:07+00:00\",\"dateModified\":\"2022-12-06T13:05:25+00:00\",\"breadcrumb\":{\"@id\":\"https:\/\/www.techmont.sk\/en\/kontakt-2\/#breadcrumb\"},\"inLanguage\":\"en-US\",\"potentialAction\":[{\"@type\":\"ReadAction\",\"target\":[\"https:\/\/www.techmont.sk\/en\/kontakt-2\/\"]}]},{\"@type\":\"BreadcrumbList\",\"@id\":\"https:\/\/www.techmont.sk\/en\/kontakt-2\/#breadcrumb\",\"itemListElement\":[{\"@type\":\"ListItem\",\"position\":1,\"name\":\"Domovsk\u00e1 str\u00e1nka\",\"item\":\"https:\/\/www.techmont.sk\/\"},{\"@type\":\"ListItem\",\"position\":2,\"name\":\"Kontakt\"}]},{\"@type\":\"WebSite\",\"@id\":\"https:\/\/www.techmont.sk\/#website\",\"url\":\"https:\/\/www.techmont.sk\/\",\"name\":\"Vrtu\u013en\u00edk, leteck\u00e9 pr\u00e1ce | TECH-MONT Helicopter company\",\"description\":\"\",\"publisher\":{\"@id\":\"https:\/\/www.techmont.sk\/#organization\"},\"potentialAction\":[{\"@type\":\"SearchAction\",\"target\":{\"@type\":\"EntryPoint\",\"urlTemplate\":\"https:\/\/www.techmont.sk\/?s={search_term_string}\"},\"query-input\":\"required name=search_term_string\"}],\"inLanguage\":\"en-US\"},{\"@type\":\"Organization\",\"@id\":\"https:\/\/www.techmont.sk\/#organization\",\"name\":\"Vrtu\u013en\u00edk, leteck\u00e9 pr\u00e1ce | TECH-MONT Helicopter company\",\"url\":\"https:\/\/www.techmont.sk\/\",\"logo\":{\"@type\":\"ImageObject\",\"inLanguage\":\"en-US\",\"@id\":\"https:\/\/www.techmont.sk\/#\/schema\/logo\/image\/\",\"url\":\"\",\"contentUrl\":\"\",\"caption\":\"Vrtu\u013en\u00edk, leteck\u00e9 pr\u00e1ce | TECH-MONT Helicopter company\"},\"image\":{\"@id\":\"https:\/\/www.techmont.sk\/#\/schema\/logo\/image\/\"}}]}<\/script>\n<!-- \/ Yoast SEO plugin. -->","yoast_head_json":{"title":"Kontakt - Vrtu\u013en\u00edk, leteck\u00e9 pr\u00e1ce | TECH-MONT Helicopter company","robots":{"index":"index","follow":"follow","max-snippet":"max-snippet:-1","max-image-preview":"max-image-preview:large","max-video-preview":"max-video-preview:-1"},"canonical":"https:\/\/www.techmont.sk\/en\/kontakt-2\/","og_locale":"en_US","og_type":"article","og_title":"Kontakt - Vrtu\u013en\u00edk, leteck\u00e9 pr\u00e1ce | TECH-MONT Helicopter company","og_description":"[vc_row][vc_column][vc_gmaps link=&#8221;#E-8_JTNDaWZyYW1lJTIwc3JjJTNEJTIyaHR0cHMlM0ElMkYlMkZ3d3cuZ29vZ2xlLmNvbSUyRm1hcHMlMkZlbWJlZCUzRnBiJTNEJTIxMW0xOCUyMTFtMTIlMjExbTMlMjExZDYzMDQuODI5OTg2MTMxMjcxJTIxMmQtMTIyLjQ3NDY5NjgwMzMwOTIlMjEzZDM3LjgwMzc0NzUyMTYwNDQzJTIxMm0zJTIxMWYwJTIxMmYwJTIxM2YwJTIxM20yJTIxMWkxMDI0JTIxMmk3NjglMjE0ZjEzLjElMjEzbTMlMjExbTIlMjExczB4ODA4NTg2ZTYzMDI2MTVhMSUyNTNBMHg4NmJkMTMwMjUxNzU3YzAwJTIxMnNTdG9yZXklMkJBdmUlMjUyQyUyQlNhbiUyQkZyYW5jaXNjbyUyNTJDJTJCQ0ElMkI5NDEyOSUyMTVlMCUyMTNtMiUyMTFzZW4lMjEyc3VzJTIxNHYxNDM1ODI2NDMyMDUxJTIyJTIwd2lkdGglM0QlMjI2MDAlMjIlMjBoZWlnaHQlM0QlMjI0NTAlMjIlMjBmcmFtZWJvcmRlciUzRCUyMjAlMjIlMjBzdHlsZSUzRCUyMmJvcmRlciUzQTAlMjIlMjBhbGxvd2Z1bGxzY3JlZW4lM0UlM0MlMkZpZnJhbWUlM0U=&#8221; el_class=&#8221;hidden&#8221;][vc_row_inner][vc_column_inner width=&#8221;9\/12&#8243;][\/vc_column_inner][vc_column_inner width=&#8221;3\/12&#8243;][vc_column_text] Mobil: +421 905 012 399 Telef\u00f3n: +421 52 772 21 26[\/vc_column_text][vc_column_text] Leteck\u00e1 1656\/39, 052 01 Spi\u0161sk\u00e1 Nov\u00e1 Ves, Slovensko [\/vc_column_text][vc_column_text] techmont@techmont.sk [\/vc_column_text][\/vc_column_inner][\/vc_row_inner][\/vc_column][\/vc_row][vc_row][vc_column][\/vc_column][\/vc_row][vc_row disable_element=&#8221;yes&#8221; css=&#8221;.vc_custom_1670331202150{background: #fc5540 url(https:\/\/ninzio.com\/logistix\/wp-content\/uploads\/2018\/05\/bg-subscribe.jpg?id=4788) !important;background-position: center !important;background-repeat: no-repeat !important;background-size: cover !important;}&#8221; el_class=&#8221;row-image-bg&#8221;][vc_column][\/vc_column][\/vc_row]","og_url":"https:\/\/www.techmont.sk\/en\/kontakt-2\/","og_site_name":"Vrtu\u013en\u00edk, leteck\u00e9 pr\u00e1ce | TECH-MONT Helicopter company","article_modified_time":"2022-12-06T13:05:25+00:00","twitter_card":"summary_large_image","twitter_misc":{"Est. reading time":"2 minutes"},"schema":{"@context":"https:\/\/schema.org","@graph":[{"@type":"WebPage","@id":"https:\/\/www.techmont.sk\/en\/kontakt-2\/","url":"https:\/\/www.techmont.sk\/en\/kontakt-2\/","name":"Kontakt - Vrtu\u013en\u00edk, leteck\u00e9 pr\u00e1ce | TECH-MONT Helicopter company","isPartOf":{"@id":"https:\/\/www.techmont.sk\/#website"},"datePublished":"2017-10-16T13:54:07+00:00","dateModified":"2022-12-06T13:05:25+00:00","breadcrumb":{"@id":"https:\/\/www.techmont.sk\/en\/kontakt-2\/#breadcrumb"},"inLanguage":"en-US","potentialAction":[{"@type":"ReadAction","target":["https:\/\/www.techmont.sk\/en\/kontakt-2\/"]}]},{"@type":"BreadcrumbList","@id":"https:\/\/www.techmont.sk\/en\/kontakt-2\/#breadcrumb","itemListElement":[{"@type":"ListItem","position":1,"name":"Domovsk\u00e1 str\u00e1nka","item":"https:\/\/www.techmont.sk\/"},{"@type":"ListItem","position":2,"name":"Kontakt"}]},{"@type":"WebSite","@id":"https:\/\/www.techmont.sk\/#website","url":"https:\/\/www.techmont.sk\/","name":"Vrtu\u013en\u00edk, leteck\u00e9 pr\u00e1ce | TECH-MONT Helicopter company","description":"","publisher":{"@id":"https:\/\/www.techmont.sk\/#organization"},"potentialAction":[{"@type":"SearchAction","target":{"@type":"EntryPoint","urlTemplate":"https:\/\/www.techmont.sk\/?s={search_term_string}"},"query-input":"required name=search_term_string"}],"inLanguage":"en-US"},{"@type":"Organization","@id":"https:\/\/www.techmont.sk\/#organization","name":"Vrtu\u013en\u00edk, leteck\u00e9 pr\u00e1ce | TECH-MONT Helicopter company","url":"https:\/\/www.techmont.sk\/","logo":{"@type":"ImageObject","inLanguage":"en-US","@id":"https:\/\/www.techmont.sk\/#\/schema\/logo\/image\/","url":"","contentUrl":"","caption":"Vrtu\u013en\u00edk, leteck\u00e9 pr\u00e1ce | TECH-MONT Helicopter company"},"image":{"@id":"https:\/\/www.techmont.sk\/#\/schema\/logo\/image\/"}}]}},"_links":{"self":[{"href":"https:\/\/www.techmont.sk\/en\/wp-json\/wp\/v2\/pages\/1339"}],"collection":[{"href":"https:\/\/www.techmont.sk\/en\/wp-json\/wp\/v2\/pages"}],"about":[{"href":"https:\/\/www.techmont.sk\/en\/wp-json\/wp\/v2\/types\/page"}],"author":[{"embeddable":true,"href":"https:\/\/www.techmont.sk\/en\/wp-json\/wp\/v2\/users\/1"}],"replies":[{"embeddable":true,"href":"https:\/\/www.techmont.sk\/en\/wp-json\/wp\/v2\/comments?post=1339"}],"version-history":[{"count":7,"href":"https:\/\/www.techmont.sk\/en\/wp-json\/wp\/v2\/pages\/1339\/revisions"}],"predecessor-version":[{"id":6337,"href":"https:\/\/www.techmont.sk\/en\/wp-json\/wp\/v2\/pages\/1339\/revisions\/6337"}],"wp:attachment":[{"href":"https:\/\/www.techmont.sk\/en\/wp-json\/wp\/v2\/media?parent=1339"}],"curies":[{"name":"wp","href":"https:\/\/api.w.org\/{rel}","templated":true}]}}